{"id":408,"date":"2017-04-24T15:24:40","date_gmt":"2017-04-24T13:24:40","guid":{"rendered":"https:\/\/www.easyfit-controls.com\/easyfit-for-enocean-lighting-systems\/"},"modified":"2023-10-26T12:44:12","modified_gmt":"2023-10-26T10:44:12","slug":"easyfit-fuer-enocean-systeme","status":"publish","type":"page","link":"https:\/\/www.easyfit-controls.com\/de\/easyfit-fuer-enocean-systeme\/","title":{"rendered":"Easyfit f\u00fcr EnOcean-Systeme"},"content":{"rendered":"","protected":false},"excerpt":{"rendered":"","protected":false},"author":10,"featured_media":0,"parent":0,"menu_order":0,"comment_status":"closed","ping_status":"closed","template":"","meta":{"footnotes":"","_links_to":"","_links_to_target":""},"acf":[],"yoast_head":"<!-- This site is optimized with the Yoast SEO plugin v21.3 - https:\/\/yoast.com\/wordpress\/plugins\/seo\/ -->\n<title>Easyfit f\u00fcr EnOcean-Systeme - Easyfit by EnOcean<\/title>\n<meta name=\"description\" content=\"Umfassendes Portfolio f\u00fcr die LED-Steuerung mit dem EnOcean-Funkstandard f\u00fcr Nordamerika.\" \/>\n<meta name=\"robots\" content=\"index, follow, max-snippet:-1, max-image-preview:large, max-video-preview:-1\" \/>\n<link rel=\"canonical\" href=\"https:\/\/www.easyfit-controls.com\/de\/easyfit-fuer-enocean-systeme\/\" \/>\n<meta name=\"twitter:card\" content=\"summary_large_image\" \/>\n<meta name=\"twitter:title\" content=\"Easyfit f\u00fcr EnOcean-Systeme - Easyfit by EnOcean\" \/>\n<meta name=\"twitter:description\" content=\"Umfassendes Portfolio f\u00fcr die LED-Steuerung mit dem EnOcean-Funkstandard f\u00fcr Nordamerika.\" \/>\n<script type=\"application\/ld+json\" class=\"yoast-schema-graph\">{\"@context\":\"https:\/\/schema.org\",\"@graph\":[{\"@type\":\"WebPage\",\"@id\":\"https:\/\/www.easyfit-controls.com\/de\/easyfit-fuer-enocean-systeme\/\",\"url\":\"https:\/\/www.easyfit-controls.com\/de\/easyfit-fuer-enocean-systeme\/\",\"name\":\"Easyfit f\u00fcr EnOcean-Systeme - Easyfit by EnOcean\",\"isPartOf\":{\"@id\":\"https:\/\/www.easyfit-controls.com\/#website\"},\"datePublished\":\"2017-04-24T13:24:40+00:00\",\"dateModified\":\"2023-10-26T10:44:12+00:00\",\"description\":\"Umfassendes Portfolio f\u00fcr die LED-Steuerung mit dem EnOcean-Funkstandard f\u00fcr Nordamerika.\",\"breadcrumb\":{\"@id\":\"https:\/\/www.easyfit-controls.com\/de\/easyfit-fuer-enocean-systeme\/#breadcrumb\"},\"inLanguage\":\"de\",\"potentialAction\":[{\"@type\":\"ReadAction\",\"target\":[\"https:\/\/www.easyfit-controls.com\/de\/easyfit-fuer-enocean-systeme\/\"]}]},{\"@type\":\"BreadcrumbList\",\"@id\":\"https:\/\/www.easyfit-controls.com\/de\/easyfit-fuer-enocean-systeme\/#breadcrumb\",\"itemListElement\":[{\"@type\":\"ListItem\",\"position\":1,\"name\":\"Startseite\",\"item\":\"https:\/\/www.easyfit-controls.com\/de\/\"},{\"@type\":\"ListItem\",\"position\":2,\"name\":\"Easyfit f\u00fcr EnOcean-Systeme\"}]},{\"@type\":\"WebSite\",\"@id\":\"https:\/\/www.easyfit-controls.com\/#website\",\"url\":\"https:\/\/www.easyfit-controls.com\/\",\"name\":\"Easyfit by EnOcean\",\"description\":\"Easyfit by EnOcean\",\"potentialAction\":[{\"@type\":\"SearchAction\",\"target\":{\"@type\":\"EntryPoint\",\"urlTemplate\":\"https:\/\/www.easyfit-controls.com\/?s={search_term_string}\"},\"query-input\":\"required name=search_term_string\"}],\"inLanguage\":\"de\"}]}<\/script>\n<!-- \/ Yoast SEO plugin. -->","yoast_head_json":{"title":"Easyfit f\u00fcr EnOcean-Systeme - Easyfit by EnOcean","description":"Umfassendes Portfolio f\u00fcr die LED-Steuerung mit dem EnOcean-Funkstandard f\u00fcr Nordamerika.","robots":{"index":"index","follow":"follow","max-snippet":"max-snippet:-1","max-image-preview":"max-image-preview:large","max-video-preview":"max-video-preview:-1"},"canonical":"https:\/\/www.easyfit-controls.com\/de\/easyfit-fuer-enocean-systeme\/","twitter_card":"summary_large_image","twitter_title":"Easyfit f\u00fcr EnOcean-Systeme - Easyfit by EnOcean","twitter_description":"Umfassendes Portfolio f\u00fcr die LED-Steuerung mit dem EnOcean-Funkstandard f\u00fcr Nordamerika.","schema":{"@context":"https:\/\/schema.org","@graph":[{"@type":"WebPage","@id":"https:\/\/www.easyfit-controls.com\/de\/easyfit-fuer-enocean-systeme\/","url":"https:\/\/www.easyfit-controls.com\/de\/easyfit-fuer-enocean-systeme\/","name":"Easyfit f\u00fcr EnOcean-Systeme - Easyfit by EnOcean","isPartOf":{"@id":"https:\/\/www.easyfit-controls.com\/#website"},"datePublished":"2017-04-24T13:24:40+00:00","dateModified":"2023-10-26T10:44:12+00:00","description":"Umfassendes Portfolio f\u00fcr die LED-Steuerung mit dem EnOcean-Funkstandard f\u00fcr Nordamerika.","breadcrumb":{"@id":"https:\/\/www.easyfit-controls.com\/de\/easyfit-fuer-enocean-systeme\/#breadcrumb"},"inLanguage":"de","potentialAction":[{"@type":"ReadAction","target":["https:\/\/www.easyfit-controls.com\/de\/easyfit-fuer-enocean-systeme\/"]}]},{"@type":"BreadcrumbList","@id":"https:\/\/www.easyfit-controls.com\/de\/easyfit-fuer-enocean-systeme\/#breadcrumb","itemListElement":[{"@type":"ListItem","position":1,"name":"Startseite","item":"https:\/\/www.easyfit-controls.com\/de\/"},{"@type":"ListItem","position":2,"name":"Easyfit f\u00fcr EnOcean-Systeme"}]},{"@type":"WebSite","@id":"https:\/\/www.easyfit-controls.com\/#website","url":"https:\/\/www.easyfit-controls.com\/","name":"Easyfit by EnOcean","description":"Easyfit by EnOcean","potentialAction":[{"@type":"SearchAction","target":{"@type":"EntryPoint","urlTemplate":"https:\/\/www.easyfit-controls.com\/?s={search_term_string}"},"query-input":"required name=search_term_string"}],"inLanguage":"de"}]}},"_links":{"self":[{"href":"https:\/\/www.easyfit-controls.com\/de\/wp-json\/wp\/v2\/pages\/408"}],"collection":[{"href":"https:\/\/www.easyfit-controls.com\/de\/wp-json\/wp\/v2\/pages"}],"about":[{"href":"https:\/\/www.easyfit-controls.com\/de\/wp-json\/wp\/v2\/types\/page"}],"author":[{"embeddable":true,"href":"https:\/\/www.easyfit-controls.com\/de\/wp-json\/wp\/v2\/users\/10"}],"replies":[{"embeddable":true,"href":"https:\/\/www.easyfit-controls.com\/de\/wp-json\/wp\/v2\/comments?post=408"}],"version-history":[{"count":5,"href":"https:\/\/www.easyfit-controls.com\/de\/wp-json\/wp\/v2\/pages\/408\/revisions"}],"predecessor-version":[{"id":1785,"href":"https:\/\/www.easyfit-controls.com\/de\/wp-json\/wp\/v2\/pages\/408\/revisions\/1785"}],"wp:attachment":[{"href":"https:\/\/www.easyfit-controls.com\/de\/wp-json\/wp\/v2\/media?parent=408"}],"curies":[{"name":"wp","href":"https:\/\/api.w.org\/{rel}","templated":true}]}}